{"id":105,"date":"2018-01-15T12:10:56","date_gmt":"2018-01-15T12:10:56","guid":{"rendered":"http:\/\/chirkovaballetacademy.com\/?page_id=105"},"modified":"2021-01-10T14:39:12","modified_gmt":"2021-01-10T14:39:12","slug":"balletistuudio-3-6-aastased","status":"publish","type":"page","link":"http:\/\/chirkovaballetacademy.com\/?page_id=105","title":{"rendered":"Balletistuudio (3 &#8211; 6 aastased)"},"content":{"rendered":"<p><img loading=\"lazy\" class=\"aligncenter wp-image-182 size-full\" src=\"http:\/\/chirkovaballetacademy.com\/wp-content\/uploads\/2018\/01\/etoileballetTop4.jpg\" alt=\"\" width=\"1450\" height=\"680\" srcset=\"http:\/\/chirkovaballetacademy.com\/wp-content\/uploads\/2018\/01\/etoileballetTop4.jpg 1450w, http:\/\/chirkovaballetacademy.com\/wp-content\/uploads\/2018\/01\/etoileballetTop4-300x141.jpg 300w, http:\/\/chirkovaballetacademy.com\/wp-content\/uploads\/2018\/01\/etoileballetTop4-768x360.jpg 768w, http:\/\/chirkovaballetacademy.com\/wp-content\/uploads\/2018\/01\/etoileballetTop4-1024x480.jpg 1024w\" sizes=\"(max-width: 767px) 89vw, (max-width: 1000px) 54vw, (max-width: 1071px) 543px, 580px\" \/><\/p>\n<h2><a href=\"http:\/\/chirkovaballetacademy.com\/wp-content\/uploads\/2018\/02\/Balletistuudio1.jpg\"><img loading=\"lazy\" class=\"aligncenter size-full wp-image-290\" src=\"http:\/\/chirkovaballetacademy.com\/wp-content\/uploads\/2018\/02\/Balletistuudio1.jpg\" alt=\"\" width=\"410\" height=\"89\" srcset=\"http:\/\/chirkovaballetacademy.com\/wp-content\/uploads\/2018\/02\/Balletistuudio1.jpg 410w, http:\/\/chirkovaballetacademy.com\/wp-content\/uploads\/2018\/02\/Balletistuudio1-300x65.jpg 300w\" sizes=\"(max-width: 410px) 100vw, 410px\" \/><\/a><\/h2>\n<p><strong>Tunniplaan<br \/>\n<\/strong>T. 18.00 \u2013 19.00<br \/>\nN. 18.00 \u2013 19.00<\/p>\n<p><strong>\u00d5ppemaks<\/strong><br \/>\n55\u20ac\/kuu<\/p>\n<p><strong>Tunnid Kehra G\u00fcmnaasiumi peahoones:<\/strong><br \/>\nK. 18.00 \u2013 19.00<br \/>\nR. 18.00 &#8211; 19.00<br \/>\nOsalemine kaks korda n\u00e4dalas 45\u20ac\/kuu. \u00dcks kord n\u00e4dalas 30\u20ac\/kuu<strong><br \/>\n<\/strong><\/p>\n<p><strong>Vormiriietus<\/strong><br \/>\nT\u00fcdrukud: kollane trikoo seelikuga, balletiroosad sukkp\u00fcksid, sussid Sansha, tutu Split. Juuksed on kinnitatud balletikrunni.<br \/>\nPoisid: tumedad retuusid, valge ilma pildita t-s\u00e4rk, mustad v\u00f5i valged balletisussid. <em><br \/>\n<\/em><\/p>\n<p><strong>Vastuv\u00f5tt:<\/strong><br \/>\nVastuv\u00f5tul ei toimu katseid ning liituda v\u00f5ib kogu \u00f5ppeaasta jooksul. Liitumiseks saatke soovikiri<a href=\"mailto:info@chirkovaballetacademy.com\"> info@chirkovaballetacademy.com<\/a>.<\/p>\n<p><strong>\u00d5ppet\u00f6\u00f6:<\/strong><br \/>\n\u00d5ppet\u00f6\u00f6 kestab septembri algusest kuni mai l\u00f5puni. L\u00e4bi m\u00e4ngulisuse \u00f5pitakse esimesi tantsumaailma p\u00f5hit\u00f5desid. Tugipuu harjutusi veel ei tehta. Arendatakse kehahoidu, kordinatsiooni ja r\u00fctmitunnet, oskust t\u00f6\u00f6tada r\u00fchmas ja musikaalsust.<\/p>\n<p><em>Peamisteks harjutusteks:<br \/>\n<\/em>* Harjutused jalgadele, k\u00e4tele, kehale, peale<br \/>\n* R\u00fctmilised harjutused<br \/>\n* Balletti sammustik<br \/>\n* H\u00fcpped<br \/>\n* Venitus<br \/>\n* P\u00f5randav\u00f5imlemise harjutused<br \/>\n* Tantsuelemendid<br \/>\n* Improvisatsioon: loomingulisuse ja plastilise liikumkse arendamine l\u00e4bi tantsu, klassikalise muusika saatel<br \/>\n* Et\u00fc\u00fcdid<\/p>\n<p><em>Peamised eesm\u00e4rgid:<\/em><br \/>\n* \u00d5ige kehahoid<br \/>\n* \u00dcldf\u00fc\u00fcsiline areng<br \/>\n* Tugeva ilusa jalalaba arendamine<br \/>\n* Keha valitsemise omandamine<br \/>\n* Kordinatsiooni ja ruumis orienteerumise arendamine<br \/>\n* Painduvuse, v\u00e4ljapoolsuse, p\u00f6iasirutuse ja h\u00fcppev\u00f5ime arendamine<br \/>\n* R\u00fctmitunde arendamine. Muusika ja liigutuste seotuse teadvustamine<br \/>\n<a href=\"http:\/\/chirkovaballetacademy.com\/wp-content\/uploads\/2018\/11\/Balletistuudio.jpg\"><img loading=\"lazy\" class=\"aligncenter wp-image-444 size-full\" src=\"http:\/\/chirkovaballetacademy.com\/wp-content\/uploads\/2018\/11\/Balletistuudio.jpg\" alt=\"\" width=\"954\" height=\"679\" srcset=\"http:\/\/chirkovaballetacademy.com\/wp-content\/uploads\/2018\/11\/Balletistuudio.jpg 954w, http:\/\/chirkovaballetacademy.com\/wp-content\/uploads\/2018\/11\/Balletistuudio-300x214.jpg 300w, http:\/\/chirkovaballetacademy.com\/wp-content\/uploads\/2018\/11\/Balletistuudio-768x547.jpg 768w\" sizes=\"(max-width: 767px) 89vw, (max-width: 1000px) 54vw, (max-width: 1071px) 543px, 580px\" \/><\/a><\/p>\n","protected":false},"excerpt":{"rendered":"<p>Tunniplaan T. 18.00 \u2013 19.00 N. 18.00 \u2013 19.00 \u00d5ppemaks 55\u20ac\/kuu Tunnid Kehra G\u00fcmnaasiumi peahoones: K. 18.00 \u2013 19.00 R. 18.00 &#8211; 19.00 Osalemine kaks korda n\u00e4dalas 45\u20ac\/kuu. \u00dcks kord n\u00e4dalas 30\u20ac\/kuu Vormiriietus T\u00fcdrukud: kollane trikoo seelikuga, balletiroosad sukkp\u00fcksid, sussid Sansha, tutu Split. Juuksed on kinnitatud balletikrunni. Poisid: tumedad retuusid, valge ilma pildita t-s\u00e4rk, mustad &hellip; <\/p>\n<p class=\"link-more\"><a href=\"http:\/\/chirkovaballetacademy.com\/?page_id=105\" class=\"more-link\">Continue reading<span class=\"screen-reader-text\"> &#8220;Balletistuudio (3 &#8211; 6 aastased)&#8221;<\/span><\/a><\/p>\n","protected":false},"author":1,"featured_media":0,"parent":103,"menu_order":0,"comment_status":"closed","ping_status":"closed","template":"","meta":[],"_links":{"self":[{"href":"http:\/\/chirkovaballetacademy.com\/index.php?rest_route=\/wp\/v2\/pages\/105"}],"collection":[{"href":"http:\/\/chirkovaballetacademy.com\/index.php?rest_route=\/wp\/v2\/pages"}],"about":[{"href":"http:\/\/chirkovaballetacademy.com\/index.php?rest_route=\/wp\/v2\/types\/page"}],"author":[{"embeddable":true,"href":"http:\/\/chirkovaballetacademy.com\/index.php?rest_route=\/wp\/v2\/users\/1"}],"replies":[{"embeddable":true,"href":"http:\/\/chirkovaballetacademy.com\/index.php?rest_route=%2Fwp%2Fv2%2Fcomments&post=105"}],"version-history":[{"count":23,"href":"http:\/\/chirkovaballetacademy.com\/index.php?rest_route=\/wp\/v2\/pages\/105\/revisions"}],"predecessor-version":[{"id":568,"href":"http:\/\/chirkovaballetacademy.com\/index.php?rest_route=\/wp\/v2\/pages\/105\/revisions\/568"}],"up":[{"embeddable":true,"href":"http:\/\/chirkovaballetacademy.com\/index.php?rest_route=\/wp\/v2\/pages\/103"}],"wp:attachment":[{"href":"http:\/\/chirkovaballetacademy.com\/index.php?rest_route=%2Fwp%2Fv2%2Fmedia&parent=105"}],"curies":[{"name":"wp","href":"https:\/\/api.w.org\/{rel}","templated":true}]}}