{"id":107,"date":"2018-01-15T12:11:16","date_gmt":"2018-01-15T12:11:16","guid":{"rendered":"http:\/\/chirkovaballetacademy.com\/?page_id=107"},"modified":"2021-01-10T14:36:38","modified_gmt":"2021-01-10T14:36:38","slug":"balletiakadeemia-7-19-aastased","status":"publish","type":"page","link":"http:\/\/chirkovaballetacademy.com\/?page_id=107","title":{"rendered":"Balletiakadeemia (10 &#8211; 18 aastased)"},"content":{"rendered":"<p><a href=\"http:\/\/chirkovaballetacademy.com\/wp-content\/uploads\/2018\/02\/ballet.gif\"><img loading=\"lazy\" class=\"aligncenter size-full wp-image-308\" src=\"http:\/\/chirkovaballetacademy.com\/wp-content\/uploads\/2018\/02\/ballet.gif\" alt=\"\" width=\"500\" height=\"228\" \/><\/a><a href=\"http:\/\/chirkovaballetacademy.com\/wp-content\/uploads\/2018\/02\/Balletiakadeemia.jpg\"><img loading=\"lazy\" class=\"aligncenter size-full wp-image-294\" src=\"http:\/\/chirkovaballetacademy.com\/wp-content\/uploads\/2018\/02\/Balletiakadeemia.jpg\" alt=\"\" width=\"319\" height=\"99\" srcset=\"http:\/\/chirkovaballetacademy.com\/wp-content\/uploads\/2018\/02\/Balletiakadeemia.jpg 319w, http:\/\/chirkovaballetacademy.com\/wp-content\/uploads\/2018\/02\/Balletiakadeemia-300x93.jpg 300w\" sizes=\"(max-width: 319px) 100vw, 319px\" \/><\/a><strong>Tunniplaan<\/strong><\/p>\n<p>E. 17.15 \u2013 18.45; 18.45 \u2013 20.15<br \/>\n<span class=\"tojvnm2t a6sixzi8 abs2jz4q a8s20v7p t1p8iaqh k5wvi7nf q3lfd5jv pk4s997a bipmatt0 cebpdrjk qowsmv63 owwhemhu dp1hu0rb dhp61c6y iyyx5f41\">T.\u00a0 16.00-17.00, 17.00-18.00<br \/>\n<\/span><span class=\"tojvnm2t a6sixzi8 abs2jz4q a8s20v7p t1p8iaqh k5wvi7nf q3lfd5jv pk4s997a bipmatt0 cebpdrjk qowsmv63 owwhemhu dp1hu0rb dhp61c6y iyyx5f41\">N. 16.00 &#8211; 17.00; 17.00 &#8211; 18.00<br \/>\nL. 11.30 &#8211; 13.30; 13.30-15.00<br \/>\n<\/span><\/p>\n<p><strong>\u00d5ppemaks<\/strong><br \/>\n80\u20ac\/kuu<\/p>\n<p><span style=\"color: #000000;\"><strong>Tunnid Kehra G\u00fcmnaasiumi peahoones:<br \/>\n<\/strong><\/span><span class=\"tojvnm2t a6sixzi8 abs2jz4q a8s20v7p t1p8iaqh k5wvi7nf q3lfd5jv pk4s997a bipmatt0 cebpdrjk qowsmv63 owwhemhu dp1hu0rb dhp61c6y iyyx5f41\">K. 16.00 &#8211; 17.00<br \/>\nR. 16.00 &#8211; 17.00<\/p>\n<p><\/span><strong>\u00d5ppemaks:<br \/>\n<\/strong>Kaks korda n\u00e4dalas 45EUR\/kuu. \u00dcks kord n\u00e4dalas 30EUR\/kuu.<\/p>\n<p><strong>Vormiriietus<\/strong><br \/>\nT\u00fcdrukud: must trikoo, balletiroosad sukkp\u00fcksid, roosad balletisussid. Juuksed on kinnitatud balletikrunni.<br \/>\nPoisid: tumedad retuusid, valge ilma pildita t-s\u00e4rk v\u00f5i tume trikoo, mustad v\u00f5i valged balletisussid. <em><br \/>\n<\/em><\/p>\n<p><strong>Vastuv\u00f5tt:<\/strong><br \/>\nVastuv\u00f5tul toimub \u00f5pilase tantsuoskuse \u00fclevaatamine ja v\u00f5imete hindamine. Liituda v\u00f5ib kogu \u00f5ppeaasta jooksul. Liitumiseks saatke soovikiri<a href=\"mailto:info@chirkovaballetacademy.com\"> info@chirkovaballetacademy.com<\/a>.<\/p>\n<p><strong>\u00d5ppet\u00f6\u00f6:<\/strong><br \/>\n\u00d5ppet\u00f6\u00f6 22. augustist\u00a0 kuni 21. juunini.<\/p>\n<p><em>\u00d5ppekavasse kuulub:<\/em><br \/>\n* klassikaline tants<br \/>\n* varvastehnika<br \/>\n* karaktertants<br \/>\n* moderntants<br \/>\n* ajalooline tants<br \/>\n* venitus<br \/>\n* h\u00fcpped<br \/>\n* klassikaline esinemisrepertuaar<br \/>\n* n\u00e4itlejameisterlikkus<\/p>\n<p><em>Peamine eesm\u00e4rk:<\/em><br \/>\nValmistatakse ette balletiartiste varasema koolituse baasil<\/p>\n<p><a href=\"http:\/\/chirkovaballetacademy.com\/wp-content\/uploads\/2018\/12\/23517888_10214855590767678_3349527288969147805_n.jpg\"><img loading=\"lazy\" class=\"aligncenter size-full wp-image-522\" src=\"http:\/\/chirkovaballetacademy.com\/wp-content\/uploads\/2018\/12\/23517888_10214855590767678_3349527288969147805_n.jpg\" alt=\"\" width=\"850\" height=\"606\" srcset=\"http:\/\/chirkovaballetacademy.com\/wp-content\/uploads\/2018\/12\/23517888_10214855590767678_3349527288969147805_n.jpg 850w, http:\/\/chirkovaballetacademy.com\/wp-content\/uploads\/2018\/12\/23517888_10214855590767678_3349527288969147805_n-300x214.jpg 300w, http:\/\/chirkovaballetacademy.com\/wp-content\/uploads\/2018\/12\/23517888_10214855590767678_3349527288969147805_n-768x548.jpg 768w\" sizes=\"(max-width: 767px) 89vw, (max-width: 1000px) 54vw, (max-width: 1071px) 543px, 580px\" \/><\/a><\/p>\n","protected":false},"excerpt":{"rendered":"<p>Tunniplaan E. 17.15 \u2013 18.45; 18.45 \u2013 20.15 T.\u00a0 16.00-17.00, 17.00-18.00 N. 16.00 &#8211; 17.00; 17.00 &#8211; 18.00 L. 11.30 &#8211; 13.30; 13.30-15.00 \u00d5ppemaks 80\u20ac\/kuu Tunnid Kehra G\u00fcmnaasiumi peahoones: K. 16.00 &#8211; 17.00 R. 16.00 &#8211; 17.00 \u00d5ppemaks: Kaks korda n\u00e4dalas 45EUR\/kuu. \u00dcks kord n\u00e4dalas 30EUR\/kuu. Vormiriietus T\u00fcdrukud: must trikoo, balletiroosad sukkp\u00fcksid, roosad balletisussid. Juuksed &hellip; <\/p>\n<p class=\"link-more\"><a href=\"http:\/\/chirkovaballetacademy.com\/?page_id=107\" class=\"more-link\">Continue reading<span class=\"screen-reader-text\"> &#8220;Balletiakadeemia (10 &#8211; 18 aastased)&#8221;<\/span><\/a><\/p>\n","protected":false},"author":1,"featured_media":0,"parent":103,"menu_order":0,"comment_status":"closed","ping_status":"closed","template":"","meta":[],"_links":{"self":[{"href":"http:\/\/chirkovaballetacademy.com\/index.php?rest_route=\/wp\/v2\/pages\/107"}],"collection":[{"href":"http:\/\/chirkovaballetacademy.com\/index.php?rest_route=\/wp\/v2\/pages"}],"about":[{"href":"http:\/\/chirkovaballetacademy.com\/index.php?rest_route=\/wp\/v2\/types\/page"}],"author":[{"embeddable":true,"href":"http:\/\/chirkovaballetacademy.com\/index.php?rest_route=\/wp\/v2\/users\/1"}],"replies":[{"embeddable":true,"href":"http:\/\/chirkovaballetacademy.com\/index.php?rest_route=%2Fwp%2Fv2%2Fcomments&post=107"}],"version-history":[{"count":17,"href":"http:\/\/chirkovaballetacademy.com\/index.php?rest_route=\/wp\/v2\/pages\/107\/revisions"}],"predecessor-version":[{"id":566,"href":"http:\/\/chirkovaballetacademy.com\/index.php?rest_route=\/wp\/v2\/pages\/107\/revisions\/566"}],"up":[{"embeddable":true,"href":"http:\/\/chirkovaballetacademy.com\/index.php?rest_route=\/wp\/v2\/pages\/103"}],"wp:attachment":[{"href":"http:\/\/chirkovaballetacademy.com\/index.php?rest_route=%2Fwp%2Fv2%2Fmedia&parent=107"}],"curies":[{"name":"wp","href":"https:\/\/api.w.org\/{rel}","templated":true}]}}