{"id":113,"date":"2018-01-15T12:12:18","date_gmt":"2018-01-15T12:12:18","guid":{"rendered":"http:\/\/chirkovaballetacademy.com\/?page_id=113"},"modified":"2018-11-07T09:31:40","modified_gmt":"2018-11-07T09:31:40","slug":"meistriklassid","status":"publish","type":"page","link":"http:\/\/chirkovaballetacademy.com\/?page_id=113","title":{"rendered":"Meistriklassid"},"content":{"rendered":"<p><a href=\"http:\/\/chirkovaballetacademy.com\/wp-content\/uploads\/2018\/04\/tumblr_ooo8xo8Hre1tf6696o2_500.gif\"><img loading=\"lazy\" class=\"aligncenter size-full wp-image-355\" src=\"http:\/\/chirkovaballetacademy.com\/wp-content\/uploads\/2018\/04\/tumblr_ooo8xo8Hre1tf6696o2_500.gif\" alt=\"\" width=\"500\" height=\"250\" \/><\/a><a href=\"http:\/\/chirkovaballetacademy.com\/wp-content\/uploads\/2018\/02\/Meistriklassid.jpg\"><img loading=\"lazy\" class=\"aligncenter size-full wp-image-300\" src=\"http:\/\/chirkovaballetacademy.com\/wp-content\/uploads\/2018\/02\/Meistriklassid.jpg\" alt=\"\" width=\"277\" height=\"80\" \/><br \/>\n<\/a>Meistriklassid (<em>workshop<\/em>id) toimuvad iga aasta ja oodatud on k\u00f5ik v\u00e4iksemad ja suuremad balletitantsijad, kes soovivad lihvida juba olemasolevaid oskusi v\u00f5i saada juurde uusi teadmisi ning parandada enda tantsijameisterlikkust.<br \/>\nMarina Chirkova annab meistriklasse ka rahvusvaheliselt.<br \/>\nAugustis 2018a. andis Marina Chirkova meistriklasse L\u00f5una-Koreas, Soul\u00b4i Balleti Akadeemias.<\/p>\n<div id='gallery-1' class='gallery galleryid-113 gallery-columns-5 gallery-size-thumbnail'><figure class='gallery-item'>\n\t\t\t<div class='gallery-icon landscape'>\n\t\t\t\t<a href='http:\/\/chirkovaballetacademy.com\/?attachment_id=410'><img width=\"150\" height=\"150\" src=\"http:\/\/chirkovaballetacademy.com\/wp-content\/uploads\/2018\/09\/Workshops1-150x150.jpg\" class=\"attachment-thumbnail size-thumbnail\" alt=\"\" loading=\"lazy\" srcset=\"http:\/\/chirkovaballetacademy.com\/wp-content\/uploads\/2018\/09\/Workshops1-150x150.jpg 150w, http:\/\/chirkovaballetacademy.com\/wp-content\/uploads\/2018\/09\/Workshops1-100x100.jpg 100w\" sizes=\"100vw\" \/><\/a>\n\t\t\t<\/div><\/figure><figure class='gallery-item'>\n\t\t\t<div class='gallery-icon landscape'>\n\t\t\t\t<a href='http:\/\/chirkovaballetacademy.com\/?attachment_id=411'><img width=\"150\" height=\"150\" src=\"http:\/\/chirkovaballetacademy.com\/wp-content\/uploads\/2018\/09\/Workshops2-150x150.jpg\" class=\"attachment-thumbnail size-thumbnail\" alt=\"\" loading=\"lazy\" srcset=\"http:\/\/chirkovaballetacademy.com\/wp-content\/uploads\/2018\/09\/Workshops2-150x150.jpg 150w, http:\/\/chirkovaballetacademy.com\/wp-content\/uploads\/2018\/09\/Workshops2-100x100.jpg 100w\" sizes=\"100vw\" \/><\/a>\n\t\t\t<\/div><\/figure><figure class='gallery-item'>\n\t\t\t<div class='gallery-icon landscape'>\n\t\t\t\t<a href='http:\/\/chirkovaballetacademy.com\/?attachment_id=412'><img width=\"150\" height=\"150\" src=\"http:\/\/chirkovaballetacademy.com\/wp-content\/uploads\/2018\/09\/Workshops3-150x150.jpg\" class=\"attachment-thumbnail size-thumbnail\" alt=\"\" loading=\"lazy\" srcset=\"http:\/\/chirkovaballetacademy.com\/wp-content\/uploads\/2018\/09\/Workshops3-150x150.jpg 150w, http:\/\/chirkovaballetacademy.com\/wp-content\/uploads\/2018\/09\/Workshops3-100x100.jpg 100w\" sizes=\"100vw\" \/><\/a>\n\t\t\t<\/div><\/figure><figure class='gallery-item'>\n\t\t\t<div class='gallery-icon landscape'>\n\t\t\t\t<a href='http:\/\/chirkovaballetacademy.com\/?attachment_id=413'><img width=\"150\" height=\"150\" src=\"http:\/\/chirkovaballetacademy.com\/wp-content\/uploads\/2018\/09\/Workshops4-150x150.jpg\" class=\"attachment-thumbnail size-thumbnail\" alt=\"\" loading=\"lazy\" srcset=\"http:\/\/chirkovaballetacademy.com\/wp-content\/uploads\/2018\/09\/Workshops4-150x150.jpg 150w, http:\/\/chirkovaballetacademy.com\/wp-content\/uploads\/2018\/09\/Workshops4-100x100.jpg 100w\" sizes=\"100vw\" \/><\/a>\n\t\t\t<\/div><\/figure><figure class='gallery-item'>\n\t\t\t<div class='gallery-icon landscape'>\n\t\t\t\t<a href='http:\/\/chirkovaballetacademy.com\/?attachment_id=414'><img width=\"150\" height=\"150\" src=\"http:\/\/chirkovaballetacademy.com\/wp-content\/uploads\/2018\/09\/Workshops5-150x150.jpg\" class=\"attachment-thumbnail size-thumbnail\" alt=\"\" loading=\"lazy\" srcset=\"http:\/\/chirkovaballetacademy.com\/wp-content\/uploads\/2018\/09\/Workshops5-150x150.jpg 150w, http:\/\/chirkovaballetacademy.com\/wp-content\/uploads\/2018\/09\/Workshops5-100x100.jpg 100w\" sizes=\"100vw\" \/><\/a>\n\t\t\t<\/div><\/figure><figure class='gallery-item'>\n\t\t\t<div class='gallery-icon landscape'>\n\t\t\t\t<a href='http:\/\/chirkovaballetacademy.com\/?attachment_id=416'><img width=\"150\" height=\"150\" src=\"http:\/\/chirkovaballetacademy.com\/wp-content\/uploads\/2018\/09\/Workshops9-150x150.jpg\" class=\"attachment-thumbnail size-thumbnail\" alt=\"\" loading=\"lazy\" srcset=\"http:\/\/chirkovaballetacademy.com\/wp-content\/uploads\/2018\/09\/Workshops9-150x150.jpg 150w, http:\/\/chirkovaballetacademy.com\/wp-content\/uploads\/2018\/09\/Workshops9-100x100.jpg 100w\" sizes=\"100vw\" \/><\/a>\n\t\t\t<\/div><\/figure><figure class='gallery-item'>\n\t\t\t<div class='gallery-icon landscape'>\n\t\t\t\t<a href='http:\/\/chirkovaballetacademy.com\/?attachment_id=417'><img width=\"150\" height=\"150\" src=\"http:\/\/chirkovaballetacademy.com\/wp-content\/uploads\/2018\/09\/Workshops7-150x150.jpg\" class=\"attachment-thumbnail size-thumbnail\" alt=\"\" loading=\"lazy\" srcset=\"http:\/\/chirkovaballetacademy.com\/wp-content\/uploads\/2018\/09\/Workshops7-150x150.jpg 150w, http:\/\/chirkovaballetacademy.com\/wp-content\/uploads\/2018\/09\/Workshops7-100x100.jpg 100w\" sizes=\"100vw\" \/><\/a>\n\t\t\t<\/div><\/figure><figure class='gallery-item'>\n\t\t\t<div class='gallery-icon landscape'>\n\t\t\t\t<a href='http:\/\/chirkovaballetacademy.com\/?attachment_id=418'><img width=\"150\" height=\"150\" src=\"http:\/\/chirkovaballetacademy.com\/wp-content\/uploads\/2018\/09\/Workshops8-150x150.jpg\" class=\"attachment-thumbnail size-thumbnail\" alt=\"\" loading=\"lazy\" srcset=\"http:\/\/chirkovaballetacademy.com\/wp-content\/uploads\/2018\/09\/Workshops8-150x150.jpg 150w, http:\/\/chirkovaballetacademy.com\/wp-content\/uploads\/2018\/09\/Workshops8-100x100.jpg 100w\" sizes=\"100vw\" \/><\/a>\n\t\t\t<\/div><\/figure><figure class='gallery-item'>\n\t\t\t<div class='gallery-icon landscape'>\n\t\t\t\t<a href='http:\/\/chirkovaballetacademy.com\/?attachment_id=419'><img width=\"150\" height=\"150\" src=\"http:\/\/chirkovaballetacademy.com\/wp-content\/uploads\/2018\/09\/Workshops6-150x150.jpg\" class=\"attachment-thumbnail size-thumbnail\" alt=\"\" loading=\"lazy\" srcset=\"http:\/\/chirkovaballetacademy.com\/wp-content\/uploads\/2018\/09\/Workshops6-150x150.jpg 150w, http:\/\/chirkovaballetacademy.com\/wp-content\/uploads\/2018\/09\/Workshops6-100x100.jpg 100w\" sizes=\"100vw\" \/><\/a>\n\t\t\t<\/div><\/figure><figure class='gallery-item'>\n\t\t\t<div class='gallery-icon landscape'>\n\t\t\t\t<a href='http:\/\/chirkovaballetacademy.com\/?attachment_id=420'><img width=\"150\" height=\"150\" src=\"http:\/\/chirkovaballetacademy.com\/wp-content\/uploads\/2018\/09\/Workshops10-150x150.jpg\" class=\"attachment-thumbnail size-thumbnail\" alt=\"\" loading=\"lazy\" srcset=\"http:\/\/chirkovaballetacademy.com\/wp-content\/uploads\/2018\/09\/Workshops10-150x150.jpg 150w, http:\/\/chirkovaballetacademy.com\/wp-content\/uploads\/2018\/09\/Workshops10-100x100.jpg 100w\" sizes=\"100vw\" \/><\/a>\n\t\t\t<\/div><\/figure>\n\t\t<\/div>\n\n<p>&nbsp;<\/p>\n","protected":false},"excerpt":{"rendered":"<p>Meistriklassid (workshopid) toimuvad iga aasta ja oodatud on k\u00f5ik v\u00e4iksemad ja suuremad balletitantsijad, kes soovivad lihvida juba olemasolevaid oskusi v\u00f5i saada juurde uusi teadmisi ning parandada enda tantsijameisterlikkust. Marina Chirkova annab meistriklasse ka rahvusvaheliselt. Augustis 2018a. andis Marina Chirkova meistriklasse L\u00f5una-Koreas, Soul\u00b4i Balleti Akadeemias. &nbsp;<\/p>\n","protected":false},"author":1,"featured_media":0,"parent":103,"menu_order":0,"comment_status":"closed","ping_status":"closed","template":"","meta":[],"_links":{"self":[{"href":"http:\/\/chirkovaballetacademy.com\/index.php?rest_route=\/wp\/v2\/pages\/113"}],"collection":[{"href":"http:\/\/chirkovaballetacademy.com\/index.php?rest_route=\/wp\/v2\/pages"}],"about":[{"href":"http:\/\/chirkovaballetacademy.com\/index.php?rest_route=\/wp\/v2\/types\/page"}],"author":[{"embeddable":true,"href":"http:\/\/chirkovaballetacademy.com\/index.php?rest_route=\/wp\/v2\/users\/1"}],"replies":[{"embeddable":true,"href":"http:\/\/chirkovaballetacademy.com\/index.php?rest_route=%2Fwp%2Fv2%2Fcomments&post=113"}],"version-history":[{"count":8,"href":"http:\/\/chirkovaballetacademy.com\/index.php?rest_route=\/wp\/v2\/pages\/113\/revisions"}],"predecessor-version":[{"id":429,"href":"http:\/\/chirkovaballetacademy.com\/index.php?rest_route=\/wp\/v2\/pages\/113\/revisions\/429"}],"up":[{"embeddable":true,"href":"http:\/\/chirkovaballetacademy.com\/index.php?rest_route=\/wp\/v2\/pages\/103"}],"wp:attachment":[{"href":"http:\/\/chirkovaballetacademy.com\/index.php?rest_route=%2Fwp%2Fv2%2Fmedia&parent=113"}],"curies":[{"name":"wp","href":"https:\/\/api.w.org\/{rel}","templated":true}]}}