{"id":135,"date":"2018-01-15T12:16:31","date_gmt":"2018-01-15T12:16:31","guid":{"rendered":"http:\/\/chirkovaballetacademy.com\/?page_id=135"},"modified":"2019-09-28T16:23:54","modified_gmt":"2019-09-28T16:23:54","slug":"kalender-2017-2018","status":"publish","type":"page","link":"http:\/\/chirkovaballetacademy.com\/?page_id=135","title":{"rendered":"\u00dcritused ja esinemised"},"content":{"rendered":"<p><a href=\"http:\/\/chirkovaballetacademy.com\/wp-content\/uploads\/2018\/02\/DSC05787.jpg\"><img loading=\"lazy\" class=\"aligncenter size-large wp-image-277\" src=\"http:\/\/chirkovaballetacademy.com\/wp-content\/uploads\/2018\/02\/DSC05787-1024x686.jpg\" alt=\"\" width=\"525\" height=\"352\" srcset=\"http:\/\/chirkovaballetacademy.com\/wp-content\/uploads\/2018\/02\/DSC05787-1024x686.jpg 1024w, http:\/\/chirkovaballetacademy.com\/wp-content\/uploads\/2018\/02\/DSC05787-300x201.jpg 300w, http:\/\/chirkovaballetacademy.com\/wp-content\/uploads\/2018\/02\/DSC05787-768x515.jpg 768w, http:\/\/chirkovaballetacademy.com\/wp-content\/uploads\/2018\/02\/DSC05787.jpg 1944w\" sizes=\"(max-width: 525px) 100vw, 525px\" \/><\/a><\/p>\n<p><strong>2017\/18 \u00f5ppeaasta:<br \/>\n<\/strong>World Dance Cup: <em>Pas De Quattre<\/em> (Derily, Annaliisa, Aida, Katriin) I preemia; soolod: Deryli-Loreen Hint I preemia; Annaliisa Lipp II preemia; Shahaf Gani II preemia; Ksenija Gudoshnikova II preemia, Marina III preemia<\/p>\n<p><strong>2016\/17 \u00f5ppeaasta:<br \/>\n<\/strong>Rahvusvaheline tantsufestival &#8220;Arabesk&#8221;, Jurmala, juuni 2017 (soolod: Annaliisa, Marina)<br \/>\nRahvusvaheline lasteloomingufestival &#8220;Eurojurmala&#8221; Jurmalas, juuni 2017 (soolod Annaliisa, Marina, Evaliisa. Grupp, klassika, karakter)<br \/>\nJ\u00f5hvi Balletifestivali 10. juubeligaala, mai 2017<br \/>\nRahvusvaheline lasteloomingufestival &#8220;J\u00fcrikuu&#8221;, aprill 2017<br \/>\nRahvusvaheline lasteloomingufestival &#8220;Bluebird&#8221;, jaan 2017 (soolod: Ksenija, Annaliisa. Grupp, karakter, l\u00fc\u00fcriline)<br \/>\nRahvusvaheline lasteloomingufesitval &#8220;Narva S\u00fc\u00fctab T\u00e4hed&#8221;, dets 2016 (soolod Annaliisa, Ksenija. Grupp, karakter)<br \/>\nRahvusvaheline lasteloomingufestival &#8220;Advent&#8221;, dets 2016 (soolod: Darina, Annaliisa, Ksenija. Grupp, karakter)<br \/>\nRahvusvaheline tantsufestival &#8220;Neposed\u00f5 kutsub s\u00f5pru&#8221;, dets 2016 (soolo Annaliisa, Ksenija. Grupp karakter, l\u00fc\u00fcriline)<br \/>\nRahvusvaheline Noorte Balletifestival Liepajas, oktoober 2016 (soolo Annaliisa)<\/p>\n<p><a href=\"http:\/\/chirkovaballetacademy.com\/wp-content\/uploads\/2018\/11\/Marina-Chirkova-balletikool.jpg\"><img loading=\"lazy\" class=\"aligncenter size-full wp-image-458\" src=\"http:\/\/chirkovaballetacademy.com\/wp-content\/uploads\/2018\/11\/Marina-Chirkova-balletikool.jpg\" alt=\"\" width=\"855\" height=\"494\" srcset=\"http:\/\/chirkovaballetacademy.com\/wp-content\/uploads\/2018\/11\/Marina-Chirkova-balletikool.jpg 855w, http:\/\/chirkovaballetacademy.com\/wp-content\/uploads\/2018\/11\/Marina-Chirkova-balletikool-300x173.jpg 300w, http:\/\/chirkovaballetacademy.com\/wp-content\/uploads\/2018\/11\/Marina-Chirkova-balletikool-768x444.jpg 768w\" sizes=\"(max-width: 767px) 89vw, (max-width: 1000px) 54vw, (max-width: 1071px) 543px, 580px\" \/><\/a><strong>2015\/16 \u00f5ppeaasta:<br \/>\n<\/strong>03.06.2016a. osalemine Tallinna Vanalinna P\u00e4evadel (A grupp)<br \/>\n08.05.2016a. osalemine J\u00f5hvi Balletifestival (A ja B grupp ja stuudio valikgrupp)<br \/>\n30.04.2016a. Talentide Ball 2016 (balletiakadeemia ning stuudio I ja II grupp)<br \/>\n16.04.2016a. lasteloomingufestival &#8220;J\u00fcrikuu&#8221;, duett &#8220;Music Box&#8221; Annaliisa Lipp ja Reinhard Rebane I kategooria laureaat, soolotants &#8220;Hispaania&#8221; Annaliisa Lipp II kategooria<br \/>\n23.04.2016a. rahvusvaheline loomingufestival &#8220;Narva Spring&#8221;. Klassikalise tantsu soolokategoorias I taseme laureaat Annaliisa Lipp<br \/>\n15.02.2016a. Maardu &#8211; Valik kool A ja Stuudio II, 4 numbrit<br \/>\n27.12.2015a. Kultuuri j\u00f5ulupidu &#8211; Kool A<br \/>\n10.12.2015a. J\u00f5ulumuinasjutt &#8211; Kool+Stuudio II<br \/>\n07.11.2015a. Talentide Ball &#8211; Kool+Stuudio II<\/p>\n<p><a href=\"http:\/\/chirkovaballetacademy.com\/wp-content\/uploads\/2018\/11\/MCB.jpg\"><img loading=\"lazy\" class=\"aligncenter size-full wp-image-477\" src=\"http:\/\/chirkovaballetacademy.com\/wp-content\/uploads\/2018\/11\/MCB.jpg\" alt=\"\" width=\"640\" height=\"403\" srcset=\"http:\/\/chirkovaballetacademy.com\/wp-content\/uploads\/2018\/11\/MCB.jpg 640w, http:\/\/chirkovaballetacademy.com\/wp-content\/uploads\/2018\/11\/MCB-300x189.jpg 300w\" sizes=\"(max-width: 640px) 100vw, 640px\" \/><\/a><strong>2009 &#8211; 2006 \u00f5ppeaasta:<br \/>\n<\/strong>Tantsukool v\u00f5imaldab oma \u00f5pilastele k\u00fclastada tasuta Rahvusooper Estonia etendusi<br \/>\n27.03. 2009 osalemine &#8220;Ecomen\u201d instituudi kontserdil<br \/>\n12.03. 2009 a. v\u00f5ttis kool osa Rahvusooper Estonia \u00fcritusest<br \/>\n&#8220;Estonia teatri priimabaleriin Marina T\u0161irkova 20. aastat loomingulist tegevust&#8221;<br \/>\n2009.a. kollektiiv \u201cLuikede lend\u201d v\u00f5ttis osa tantsukonkursist &#8220;Tantsujaam\u201d, olles konkursi auk\u00fclalised Gustav Adolfi G\u00fcmnaasiumis<br \/>\n2008 ja 2009a. suvelaagrid Pirital<br \/>\n2008a. kevadel v\u00f5ttis kollektiiv &#8220;Luikede Lend\u201d osa II Rahvusvahelisest Laste Loominguliste Kollektiivide festivalist &#8220;Grand Jete&#8221; Sankt-Peterburis. Meid autasustati diplomiga laste ja noorte loomingu arendamise- ja toetamise eest, k\u00f5rge lavakultuuri eest, originaalsuse- ja soovi eest viia kultuuri maailma<br \/>\n15.03. 2008a. korraldas &#8220;Luikede Lend\u201d heategevus\u00fcrituse &#8220;Talentide kevadball\u201d Saku Suurhallis, millest v\u00f5tsid osa 22. loomingulist kollektiivi \u00fcle Eesti<br \/>\n8.02. 2008a. osales kollektiiv \u201cLuikede Lend\u201d tantsukonkursil &#8220;Tantsujaam\u201d, olles konkursi auk\u00fclalised<br \/>\n2008a. kevadel korraldas kool kontserdi Rahvusooper Estonia juubeli\u00fcritusel, mis oli p\u00fchendatud firma Dr. Nona 10. aastap\u00e4evale<br \/>\n2007a. detsember. Tantsukool Luikede Lend osalemine\u00a0 kontserdil koos teise kollektiividega<br \/>\n2006 &#8211; 2009a.\u00a0 korraldas tantsukool j\u00f5ulukontserte<br \/>\n<a href=\"http:\/\/chirkovaballetacademy.com\/wp-content\/uploads\/2018\/11\/Luikedelend.jpg\"><img loading=\"lazy\" class=\"aligncenter size-full wp-image-453\" src=\"http:\/\/chirkovaballetacademy.com\/wp-content\/uploads\/2018\/11\/Luikedelend.jpg\" alt=\"\" width=\"510\" height=\"398\" srcset=\"http:\/\/chirkovaballetacademy.com\/wp-content\/uploads\/2018\/11\/Luikedelend.jpg 510w, http:\/\/chirkovaballetacademy.com\/wp-content\/uploads\/2018\/11\/Luikedelend-300x234.jpg 300w\" sizes=\"(max-width: 510px) 100vw, 510px\" \/><\/a><\/p>\n","protected":false},"excerpt":{"rendered":"<p>2017\/18 \u00f5ppeaasta: World Dance Cup: Pas De Quattre (Derily, Annaliisa, Aida, Katriin) I preemia; soolod: Deryli-Loreen Hint I preemia; Annaliisa Lipp II preemia; Shahaf Gani II preemia; Ksenija Gudoshnikova II preemia, Marina III preemia 2016\/17 \u00f5ppeaasta: Rahvusvaheline tantsufestival &#8220;Arabesk&#8221;, Jurmala, juuni 2017 (soolod: Annaliisa, Marina) Rahvusvaheline lasteloomingufestival &#8220;Eurojurmala&#8221; Jurmalas, juuni 2017 (soolod Annaliisa, Marina, Evaliisa. &hellip; <\/p>\n<p class=\"link-more\"><a href=\"http:\/\/chirkovaballetacademy.com\/?page_id=135\" class=\"more-link\">Continue reading<span class=\"screen-reader-text\"> &#8220;\u00dcritused ja esinemised&#8221;<\/span><\/a><\/p>\n","protected":false},"author":1,"featured_media":0,"parent":131,"menu_order":0,"comment_status":"closed","ping_status":"closed","template":"","meta":[],"_links":{"self":[{"href":"http:\/\/chirkovaballetacademy.com\/index.php?rest_route=\/wp\/v2\/pages\/135"}],"collection":[{"href":"http:\/\/chirkovaballetacademy.com\/index.php?rest_route=\/wp\/v2\/pages"}],"about":[{"href":"http:\/\/chirkovaballetacademy.com\/index.php?rest_route=\/wp\/v2\/types\/page"}],"author":[{"embeddable":true,"href":"http:\/\/chirkovaballetacademy.com\/index.php?rest_route=\/wp\/v2\/users\/1"}],"replies":[{"embeddable":true,"href":"http:\/\/chirkovaballetacademy.com\/index.php?rest_route=%2Fwp%2Fv2%2Fcomments&post=135"}],"version-history":[{"count":20,"href":"http:\/\/chirkovaballetacademy.com\/index.php?rest_route=\/wp\/v2\/pages\/135\/revisions"}],"predecessor-version":[{"id":541,"href":"http:\/\/chirkovaballetacademy.com\/index.php?rest_route=\/wp\/v2\/pages\/135\/revisions\/541"}],"up":[{"embeddable":true,"href":"http:\/\/chirkovaballetacademy.com\/index.php?rest_route=\/wp\/v2\/pages\/131"}],"wp:attachment":[{"href":"http:\/\/chirkovaballetacademy.com\/index.php?rest_route=%2Fwp%2Fv2%2Fmedia&parent=135"}],"curies":[{"name":"wp","href":"https:\/\/api.w.org\/{rel}","templated":true}]}}