{"id":233,"date":"2018-02-08T09:37:18","date_gmt":"2018-02-08T09:37:18","guid":{"rendered":"http:\/\/chirkovaballetacademy.com\/?page_id=233"},"modified":"2021-01-10T14:31:33","modified_gmt":"2021-01-10T14:31:33","slug":"balletistuudio-7-9-aastased","status":"publish","type":"page","link":"http:\/\/chirkovaballetacademy.com\/?page_id=233","title":{"rendered":"Balletistuudio (7 &#8211; 9 aastased)"},"content":{"rendered":"<p><a href=\"http:\/\/chirkovaballetacademy.com\/wp-content\/uploads\/2018\/02\/ballet-lesson-plans.jpg\"><img loading=\"lazy\" class=\"aligncenter size-large wp-image-266\" src=\"http:\/\/chirkovaballetacademy.com\/wp-content\/uploads\/2018\/02\/ballet-lesson-plans-1024x478.jpg\" alt=\"\" width=\"525\" height=\"245\" srcset=\"http:\/\/chirkovaballetacademy.com\/wp-content\/uploads\/2018\/02\/ballet-lesson-plans-1024x478.jpg 1024w, http:\/\/chirkovaballetacademy.com\/wp-content\/uploads\/2018\/02\/ballet-lesson-plans-300x140.jpg 300w, http:\/\/chirkovaballetacademy.com\/wp-content\/uploads\/2018\/02\/ballet-lesson-plans-768x359.jpg 768w\" sizes=\"(max-width: 525px) 100vw, 525px\" \/><\/a>\u00a0\u00a0\u00a0\u00a0\u00a0\u00a0\u00a0\u00a0\u00a0\u00a0\u00a0\u00a0\u00a0\u00a0\u00a0\u00a0\u00a0\u00a0\u00a0\u00a0\u00a0\u00a0\u00a0\u00a0\u00a0\u00a0\u00a0\u00a0\u00a0\u00a0\u00a0\u00a0\u00a0\u00a0\u00a0\u00a0\u00a0\u00a0\u00a0\u00a0\u00a0\u00a0\u00a0\u00a0\u00a0\u00a0\u00a0\u00a0\u00a0\u00a0\u00a0\u00a0\u00a0\u00a0\u00a0\u00a0<a href=\"http:\/\/chirkovaballetacademy.com\/wp-content\/uploads\/2018\/02\/Balletistuudio2.jpg\"><img loading=\"lazy\" class=\"aligncenter size-full wp-image-292\" src=\"http:\/\/chirkovaballetacademy.com\/wp-content\/uploads\/2018\/02\/Balletistuudio2.jpg\" alt=\"\" width=\"398\" height=\"111\" srcset=\"http:\/\/chirkovaballetacademy.com\/wp-content\/uploads\/2018\/02\/Balletistuudio2.jpg 398w, http:\/\/chirkovaballetacademy.com\/wp-content\/uploads\/2018\/02\/Balletistuudio2-300x84.jpg 300w\" sizes=\"(max-width: 398px) 100vw, 398px\" \/><\/a><strong>Tunniplaan<\/strong><br \/>\nT. 18.00 &#8211; 19.00<br \/>\nN. 18.00 &#8211; 19.00<\/p>\n<p><strong>\u00d5ppemaks<\/strong><br \/>\n55\u20ac\/kuu<\/p>\n<p><strong>Tunnid Kehra G\u00fcmnaasiumi peahoones:<\/strong><br \/>\nK. 19.00 \u2013 20.00<br \/>\nR. 16.00 \u2013 19.00<br \/>\nOsalemine kaks korda n\u00e4dalas 45\u20ac\/kuu. \u00dcks kord n\u00e4dalas 30\u20ac\/kuu<\/p>\n<p><strong>Vormiriietus<\/strong><br \/>\nT\u00fcdrukud: kollane trikoo seelikuga, balletiroosad sukkp\u00fcksid, sussid Sansha, tutu Split. Juuksed on kinnitatud balletikrunni.<br \/>\nPoisid: tumedad retuusid, valge ilma pildita t-s\u00e4rk, mustad v\u00f5i valged balletisussid. <em>Loe lisaks&#8230;<\/em><\/p>\n<p><strong>Vastuv\u00f5tt:<\/strong><br \/>\nVastuv\u00f5tul ei toimu katseid ning liituda v\u00f5ib kogu \u00f5ppeaasta jooksul. Liitumiseks saatke soovikiri<a href=\"mailto:info@chirkovaballetacademy.com\"> info@chirkovaballetacademy.com<\/a>.<\/p>\n<p><strong>\u00d5ppet\u00f6\u00f6:<\/strong><br \/>\n\u00d5ppet\u00f6\u00f6 kestab septembri algusest kuni mai l\u00f5puni. L\u00e4bi m\u00e4ngulisuse \u00f5pitakse esimesi tantsumaailma p\u00f5hit\u00f5desid. Tugipuu harjutusi veel ei tehta. Arendatakse kehahoidu, kordinatsiooni ja r\u00fctmitunnet, oskust t\u00f6\u00f6tada r\u00fchmas ja musikaalsust.<\/p>\n<p><em>Peamisteks harjutusteks:<br \/>\n<\/em>* Harjutused jalgadele, k\u00e4tele, kehale, peale<br \/>\n* R\u00fctmilised harjutused<br \/>\n* Balletti sammustik<br \/>\n* H\u00fcpped<br \/>\n* Venitus<br \/>\n* P\u00f5randav\u00f5imlemise harjutused<br \/>\n* Tantsuelemendid<br \/>\n* Improvisatsioon: loomingulisuse ja plastilise liikumise arendamine l\u00e4bi tantsu, klassikalise muusika saatel<br \/>\n* Et\u00fc\u00fcdid<\/p>\n<p><em>Peamised eesm\u00e4rgid:<\/em><br \/>\n* \u00d5ige kehahoid<br \/>\n* \u00dcldf\u00fc\u00fcsiline areng<br \/>\n* Tugeva ilusa jalalaba arendamine<br \/>\n* Keha valitsemise omandamine<br \/>\n* Kordinatsiooni ja ruumis orienteerumise arendamine<br \/>\n* Painduvuse, v\u00e4ljapoolsuse, p\u00f6iasirutuse ja h\u00fcppev\u00f5ime arendamine<br \/>\n* R\u00fctmitunde arendamine. Muusika ja liigutuste seotuse teadvustamine<\/p>\n<p><a href=\"http:\/\/chirkovaballetacademy.com\/wp-content\/uploads\/2018\/12\/Marinajun.jpg\"><img loading=\"lazy\" class=\"aligncenter size-full wp-image-516\" src=\"http:\/\/chirkovaballetacademy.com\/wp-content\/uploads\/2018\/12\/Marinajun.jpg\" alt=\"\" width=\"778\" height=\"593\" srcset=\"http:\/\/chirkovaballetacademy.com\/wp-content\/uploads\/2018\/12\/Marinajun.jpg 778w, http:\/\/chirkovaballetacademy.com\/wp-content\/uploads\/2018\/12\/Marinajun-300x229.jpg 300w, http:\/\/chirkovaballetacademy.com\/wp-content\/uploads\/2018\/12\/Marinajun-768x585.jpg 768w\" sizes=\"(max-width: 767px) 89vw, (max-width: 1000px) 54vw, (max-width: 1071px) 543px, 580px\" \/><\/a><\/p>\n","protected":false},"excerpt":{"rendered":"<p>\u00a0\u00a0\u00a0\u00a0\u00a0\u00a0\u00a0\u00a0\u00a0\u00a0\u00a0\u00a0\u00a0\u00a0\u00a0\u00a0\u00a0\u00a0\u00a0\u00a0\u00a0\u00a0\u00a0\u00a0\u00a0\u00a0\u00a0\u00a0\u00a0\u00a0\u00a0\u00a0\u00a0\u00a0\u00a0\u00a0\u00a0\u00a0\u00a0\u00a0\u00a0\u00a0\u00a0\u00a0\u00a0\u00a0\u00a0\u00a0\u00a0\u00a0\u00a0\u00a0\u00a0\u00a0\u00a0\u00a0Tunniplaan T. 18.00 &#8211; 19.00 N. 18.00 &#8211; 19.00 \u00d5ppemaks 55\u20ac\/kuu Tunnid Kehra G\u00fcmnaasiumi peahoones: K. 19.00 \u2013 20.00 R. 16.00 \u2013 19.00 Osalemine kaks korda n\u00e4dalas 45\u20ac\/kuu. \u00dcks kord n\u00e4dalas 30\u20ac\/kuu Vormiriietus T\u00fcdrukud: kollane trikoo seelikuga, balletiroosad sukkp\u00fcksid, sussid Sansha, tutu Split. Juuksed on kinnitatud balletikrunni. Poisid: tumedad retuusid, valge ilma pildita t-s\u00e4rk, mustad &hellip; <\/p>\n<p class=\"link-more\"><a href=\"http:\/\/chirkovaballetacademy.com\/?page_id=233\" class=\"more-link\">Continue reading<span class=\"screen-reader-text\"> &#8220;Balletistuudio (7 &#8211; 9 aastased)&#8221;<\/span><\/a><\/p>\n","protected":false},"author":1,"featured_media":0,"parent":103,"menu_order":0,"comment_status":"closed","ping_status":"closed","template":"","meta":[],"_links":{"self":[{"href":"http:\/\/chirkovaballetacademy.com\/index.php?rest_route=\/wp\/v2\/pages\/233"}],"collection":[{"href":"http:\/\/chirkovaballetacademy.com\/index.php?rest_route=\/wp\/v2\/pages"}],"about":[{"href":"http:\/\/chirkovaballetacademy.com\/index.php?rest_route=\/wp\/v2\/types\/page"}],"author":[{"embeddable":true,"href":"http:\/\/chirkovaballetacademy.com\/index.php?rest_route=\/wp\/v2\/users\/1"}],"replies":[{"embeddable":true,"href":"http:\/\/chirkovaballetacademy.com\/index.php?rest_route=%2Fwp%2Fv2%2Fcomments&post=233"}],"version-history":[{"count":10,"href":"http:\/\/chirkovaballetacademy.com\/index.php?rest_route=\/wp\/v2\/pages\/233\/revisions"}],"predecessor-version":[{"id":565,"href":"http:\/\/chirkovaballetacademy.com\/index.php?rest_route=\/wp\/v2\/pages\/233\/revisions\/565"}],"up":[{"embeddable":true,"href":"http:\/\/chirkovaballetacademy.com\/index.php?rest_route=\/wp\/v2\/pages\/103"}],"wp:attachment":[{"href":"http:\/\/chirkovaballetacademy.com\/index.php?rest_route=%2Fwp%2Fv2%2Fmedia&parent=233"}],"curies":[{"name":"wp","href":"https:\/\/api.w.org\/{rel}","templated":true}]}}